{"id":11,"date":"2023-11-10T17:11:43","date_gmt":"2023-11-10T17:11:43","guid":{"rendered":"https:\/\/adoremosjuntosrd.com\/?page_id=11"},"modified":"2025-09-19T13:15:07","modified_gmt":"2025-09-19T13:15:07","slug":"adoremos-juntos","status":"publish","type":"page","link":"https:\/\/adoremosjuntosrd.com\/","title":{"rendered":"ADOREMOS JUNTOS"},"content":{"rendered":"\t\t<div data-elementor-type=\"wp-page\" data-elementor-id=\"11\" class=\"elementor elementor-11\">\n\t\t\t\t<div class=\"elementor-element elementor-element-da1d032 e-flex e-con-boxed e-con e-parent\" data-id=\"da1d032\" data-element_type=\"container\">\n\t\t\t\t\t<div class=\"e-con-inner\">\n\t\t\t\t<div class=\"elementor-element elementor-element-ef0edc5 elementor-widget elementor-widget-image\" data-id=\"ef0edc5\" data-element_type=\"widget\" data-widget_type=\"image.default\">\n\t\t\t\t<div class=\"elementor-widget-container\">\n\t\t\t\t\t\t\t\t\t\t\t\t<figure class=\"wp-caption\">\n\t\t\t\t\t\t\t\t\t\t\t<a href=\"https:\/\/www.youtube.com\/@Adoremosjuntosrd\">\n\t\t\t\t\t\t\t<img fetchpriority=\"high\" decoding=\"async\" width=\"724\" height=\"407\" src=\"https:\/\/adoremosjuntosrd.com\/wp-content\/uploads\/2023\/11\/ADOREMOS-JUNTOS-768x432.png\" class=\"attachment-medium_large size-medium_large wp-image-29\" alt=\"\" \/>\t\t\t\t\t\t\t\t<\/a>\n\t\t\t\t\t\t\t\t\t\t\t<figcaption class=\"widget-image-caption wp-caption-text\">Hector Gonz\u00e1lez y Alma Berenice de Gonz\u00e1lez<\/figcaption>\n\t\t\t\t\t\t\t\t\t\t<\/figure>\n\t\t\t\t\t\t\t\t\t<\/div>\n\t\t\t\t<\/div>\n\t\t\t\t\t<\/div>\n\t\t\t\t<\/div>\n\t\t<div class=\"elementor-element elementor-element-12c6d2f e-flex e-con-boxed e-con e-parent\" data-id=\"12c6d2f\" data-element_type=\"container\">\n\t\t\t\t\t<div class=\"e-con-inner\">\n\t\t\t\t<div class=\"elementor-element elementor-element-f6504b2 elementor-widget elementor-widget-html\" data-id=\"f6504b2\" data-element_type=\"widget\" data-widget_type=\"html.default\">\n\t\t\t\t<div class=\"elementor-widget-container\">\n\t\t\t\t\t <!-- Inicio. radio hosting USAstreams.com html5 player -->\r\n<!-- Licencia: GRATIS-XDF4543ERF -->\r\n<iframe name=\"contenedorPlayer\" class=\"cuadroBordeado\" allow=\"autoplay\" width=\"100%\" height=\"110px\" marginwidth=0 marginheight=0 hspace=0 vspace=0 frameborder=0 scrolling=no  src=\"https:\/\/cp.usastreams.com\/pr2g\/APPlayerRadioHTML5.aspx?stream=https:\/\/stream.zeno.fm\/jktaeh9xgfatv&fondo=05&formato=mp3&color=7&titulo=2&autoStart=1&vol=6&tipo=13&nombre=ADOREMOS+JUNTOS&botonPlay=1&imagen=https:\/\/blogger.googleusercontent.com\/img\/a\/AVvXsEiLNuPn4ez40qTVS5dIMFaR98WQK4lbt9OHvSD4XdAMIJI-ikxmupC8XzSoDz5uv6liskRfOfwn0VKy88O9YqnAMcGifyFVPPp-s9mgOuWkEyWph2U8vyw4MkO1e3AzUWafy8947jkmgIpZ0Cow62eZdiMsaC_FYJP-hzffrTTDQre_tuDKDx5n3v8Ytf0=w800\"><\/iframe>\r\n<!-- En players responsive puede modificar el weight a sus necesidades, Por favor no modifique el resto del codigo para poder seguir ofreciendo este servicio gratis  -->\r\n<!-- Fin. USAstreams.com html5 player -->\r\n\t\t\t\t<\/div>\n\t\t\t\t<\/div>\n\t\t\t\t\t<\/div>\n\t\t\t\t<\/div>\n\t\t<div class=\"elementor-element elementor-element-8e76065 e-flex e-con-boxed e-con e-parent\" data-id=\"8e76065\" data-element_type=\"container\">\n\t\t\t\t\t<div class=\"e-con-inner\">\n\t\t<div class=\"elementor-element elementor-element-241016c e-con-full e-flex e-con e-child\" data-id=\"241016c\" data-element_type=\"container\">\n\t\t\t\t<div class=\"elementor-element elementor-element-7ada49e elementor-widget elementor-widget-image\" data-id=\"7ada49e\" data-element_type=\"widget\" data-widget_type=\"image.default\">\n\t\t\t\t<div class=\"elementor-widget-container\">\n\t\t\t\t\t\t\t\t\t\t\t\t\t\t\t<img decoding=\"async\" width=\"244\" height=\"171\" src=\"https:\/\/adoremosjuntosrd.com\/wp-content\/uploads\/2023\/11\/Biblia.jpeg\" class=\"attachment-large size-large wp-image-79\" alt=\"\" \/>\t\t\t\t\t\t\t\t\t\t\t\t\t\t\t<\/div>\n\t\t\t\t<\/div>\n\t\t\t\t<\/div>\n\t\t<div class=\"elementor-element elementor-element-ab310e0 e-con-full e-flex e-con e-child\" data-id=\"ab310e0\" data-element_type=\"container\">\n\t\t\t\t<div class=\"elementor-element elementor-element-b5600ec elementor-widget elementor-widget-text-editor\" data-id=\"b5600ec\" data-element_type=\"widget\" data-widget_type=\"text-editor.default\">\n\t\t\t\t<div class=\"elementor-widget-container\">\n\t\t\t\t\t\t\t\t\t<h4><strong><br><\/strong><\/h4><h4><strong>Todo lo que respire, alaba a Jehov\u00e1.<\/strong><\/h4>\t\t\t\t\t\t\t\t<\/div>\n\t\t\t\t<\/div>\n\t\t\t\t<\/div>\n\t\t\t\t\t<\/div>\n\t\t\t\t<\/div>\n\t\t\t\t<\/div>\n\t\t","protected":false},"excerpt":{"rendered":"<p>Hector Gonz\u00e1lez y Alma Berenice de Gonz\u00e1lez Todo lo que respire, alaba a Jehov\u00e1.<\/p>\n","protected":false},"author":1,"featured_media":0,"parent":0,"menu_order":0,"comment_status":"open","ping_status":"closed","template":"elementor_header_footer","meta":{"_regular_price":[],"currency_symbol":[],"footnotes":""},"class_list":["post-11","page","type-page","status-publish","hentry"],"post_slider_layout_featured_media_urls":{"thumbnail":"","post_slider_layout_landscape_large":"","post_slider_layout_portrait_large":"","post_slider_layout_square_large":"","post_slider_layout_landscape":"","post_slider_layout_portrait":"","post_slider_layout_square":"","full":""},"_links":{"self":[{"href":"https:\/\/adoremosjuntosrd.com\/index.php\/wp-json\/wp\/v2\/pages\/11","targetHints":{"allow":["GET"]}}],"collection":[{"href":"https:\/\/adoremosjuntosrd.com\/index.php\/wp-json\/wp\/v2\/pages"}],"about":[{"href":"https:\/\/adoremosjuntosrd.com\/index.php\/wp-json\/wp\/v2\/types\/page"}],"author":[{"embeddable":true,"href":"https:\/\/adoremosjuntosrd.com\/index.php\/wp-json\/wp\/v2\/users\/1"}],"replies":[{"embeddable":true,"href":"https:\/\/adoremosjuntosrd.com\/index.php\/wp-json\/wp\/v2\/comments?post=11"}],"version-history":[{"count":50,"href":"https:\/\/adoremosjuntosrd.com\/index.php\/wp-json\/wp\/v2\/pages\/11\/revisions"}],"predecessor-version":[{"id":133,"href":"https:\/\/adoremosjuntosrd.com\/index.php\/wp-json\/wp\/v2\/pages\/11\/revisions\/133"}],"wp:attachment":[{"href":"https:\/\/adoremosjuntosrd.com\/index.php\/wp-json\/wp\/v2\/media?parent=11"}],"curies":[{"name":"wp","href":"https:\/\/api.w.org\/{rel}","templated":true}]}}